{"id":13,"date":"2014-10-14T16:25:55","date_gmt":"2014-10-14T16:25:55","guid":{"rendered":"http:\/\/benjelali.eu\/?page_id=13"},"modified":"2021-06-30T08:18:15","modified_gmt":"2021-06-30T08:18:15","slug":"inicio","status":"publish","type":"page","link":"https:\/\/benjelali.eu\/en\/","title":{"rendered":"Home"},"content":{"rendered":"<p><!-- START REVOLUTION SLIDER 4.1.4 fullwidth mode -->\n\n<div id=\"rev_slider_2_2_wrapper\" class=\"rev_slider_wrapper fullwidthbanner-container\" style=\"margin:0px auto;background-color:#E9E9E9;padding:0px;margin-top:0px;margin-bottom:20px;max-height:534px;\">\n\t<div id=\"rev_slider_2_2\" class=\"rev_slider fullwidthabanner\" style=\"display:none;max-height:534px;height:534;\">\n<ul>\t<!-- SLIDE  -->\n\t<li data-transition=\"fade\" data-slotamount=\"7\" data-masterspeed=\"300\" >\n\t\t<!-- MAIN IMAGE -->\n\t\t<img src=\"https:\/\/benjelali.eu\/wp-content\/uploads\/2014\/10\/slide_11.jpg\"  alt=\"slide_11\"  data-bgposition=\"center top\" data-bgfit=\"cover\" data-bgrepeat=\"no-repeat\">\n\t\t<!-- LAYERS -->\n\n\t\t<!-- LAYER NR. 1 -->\n\t\t<div class=\"tp-caption large_bold_white tp-fade tp-resizeme\"\n\t\t\tdata-x=\"center\" data-hoffset=\"0\"\n\t\t\tdata-y=\"center\" data-voffset=\"0\"\n\t\t\tdata-speed=\"300\"\n\t\t\tdata-start=\"500\"\n\t\t\tdata-easing=\"Power3.easeInOut\"\n\t\t\tdata-endspeed=\"300\"\n\t\t\tstyle=\"z-index: 2\"><div style=\"text-align:center;\">\n<h1>Child Abductions<\/h1>\n<hr>\n<h5>We can help you<\/h5>\n<\/div>\n\t\t<\/div>\n\t<\/li>\n\t<!-- SLIDE  -->\n\t<li data-transition=\"fade\" data-slotamount=\"7\" data-masterspeed=\"300\" >\n\t\t<!-- MAIN IMAGE -->\n\t\t<img src=\"https:\/\/benjelali.eu\/wp-content\/uploads\/2014\/10\/slide_21.jpg\"  alt=\"slide_21\"  data-bgposition=\"center top\" data-bgfit=\"cover\" data-bgrepeat=\"no-repeat\">\n\t\t<!-- LAYERS -->\n\n\t\t<!-- LAYER NR. 1 -->\n\t\t<div class=\"tp-caption large_bold_white tp-fade tp-resizeme\"\n\t\t\tdata-x=\"center\" data-hoffset=\"0\"\n\t\t\tdata-y=\"center\" data-voffset=\"0\"\n\t\t\tdata-speed=\"300\"\n\t\t\tdata-start=\"500\"\n\t\t\tdata-easing=\"Power3.easeInOut\"\n\t\t\tdata-endspeed=\"300\"\n\t\t\tstyle=\"z-index: 2\"><div style=\"text-align:center;\">\n<h1>The People<\/h1>\n<hr>\n<h5>Are our priority<\/h5>\n<\/div>\n\t\t<\/div>\n\t<\/li>\n\t<!-- SLIDE  -->\n\t<li data-transition=\"fade\" data-slotamount=\"7\" data-masterspeed=\"300\" >\n\t\t<!-- MAIN IMAGE -->\n\t\t<img src=\"https:\/\/benjelali.eu\/wp-content\/uploads\/2014\/10\/slide_3.jpg\"  alt=\"slide_3\"  data-bgposition=\"center top\" data-bgfit=\"cover\" data-bgrepeat=\"no-repeat\">\n\t\t<!-- LAYERS -->\n\n\t\t<!-- LAYER NR. 1 -->\n\t\t<div class=\"tp-caption large_bold_white tp-fade tp-resizeme\"\n\t\t\tdata-x=\"center\" data-hoffset=\"0\"\n\t\t\tdata-y=\"center\" data-voffset=\"0\"\n\t\t\tdata-speed=\"300\"\n\t\t\tdata-start=\"500\"\n\t\t\tdata-easing=\"Power3.easeInOut\"\n\t\t\tdata-endspeed=\"300\"\n\t\t\tstyle=\"z-index: 2\"><div style=\"text-align:center;\">\n<h1>Justice<\/h1>\n<hr>\n<h5>Is our passion<\/h5>\n<\/div>\n\t\t<\/div>\n\t<\/li>\n<\/ul>\n<div class=\"tp-bannertimer\"><\/div>\t<\/div>\n<\/div>\t\t\t\n\t\t\t<script type=\"text\/javascript\">\n\n\t\t\t\tvar tpj=jQuery;\t\t\t\t\n\t\t\t\ttpj.noConflict();\t\t\t\t\n\t\t\t\tvar revapi2;\n\t\t\t\t\n\t\t\t\ttpj(document).ready(function() {\n\t\t\t\t\t\t\t\t\n\t\t\t\tif(tpj('#rev_slider_2_2').revolution == undefined)\n\t\t\t\t\trevslider_showDoubleJqueryError('#rev_slider_2_2');\n\t\t\t\telse\n\t\t\t\t   revapi2 = tpj('#rev_slider_2_2').show().revolution(\n\t\t\t\t\t{\n\t\t\t\t\t\tdottedOverlay:\"none\",\n\t\t\t\t\t\tdelay:9000,\n\t\t\t\t\t\tstartwidth:960,\n\t\t\t\t\t\tstartheight:534,\n\t\t\t\t\t\thideThumbs:200,\n\t\t\t\t\t\t\n\t\t\t\t\t\tthumbWidth:100,\n\t\t\t\t\t\tthumbHeight:50,\n\t\t\t\t\t\tthumbAmount:3,\n\t\t\t\t\t\t\n\t\t\t\t\t\tnavigationType:\"none\",\n\t\t\t\t\t\tnavigationArrows:\"solo\",\n\t\t\t\t\t\tnavigationStyle:\"navbar\",\n\t\t\t\t\t\t\n\t\t\t\t\t\ttouchenabled:\"on\",\n\t\t\t\t\t\tonHoverStop:\"on\",\n\t\t\t\t\t\t\n\t\t\t\t\t\tnavigationHAlign:\"center\",\n\t\t\t\t\t\tnavigationVAlign:\"bottom\",\n\t\t\t\t\t\tnavigationHOffset:0,\n\t\t\t\t\t\tnavigationVOffset:20,\n\n\t\t\t\t\t\tsoloArrowLeftHalign:\"left\",\n\t\t\t\t\t\tsoloArrowLeftValign:\"center\",\n\t\t\t\t\t\tsoloArrowLeftHOffset:20,\n\t\t\t\t\t\tsoloArrowLeftVOffset:0,\n\n\t\t\t\t\t\tsoloArrowRightHalign:\"right\",\n\t\t\t\t\t\tsoloArrowRightValign:\"center\",\n\t\t\t\t\t\tsoloArrowRightHOffset:20,\n\t\t\t\t\t\tsoloArrowRightVOffset:0,\n\t\t\t\t\t\t\t\t\n\t\t\t\t\t\tshadow:0,\n\t\t\t\t\t\tfullWidth:\"on\",\n\t\t\t\t\t\tfullScreen:\"off\",\n\n\t\t\t\t\t\tstopLoop:\"off\",\n\t\t\t\t\t\tstopAfterLoops:-1,\n\t\t\t\t\t\tstopAtSlide:-1,\n\n\t\t\t\t\t\t\n\t\t\t\t\t\tshuffle:\"off\",\n\t\t\t\t\t\t\n\t\t\t\t\t\tautoHeight:\"off\",\t\t\t\t\t\t\n\t\t\t\t\t\tforceFullWidth:\"on\",\t\t\t\t\t\t\n\t\t\t\t\t\t\t\t\t\t\t\t\n\t\t\t\t\t\t\t\t\t\t\t\t\n\t\t\t\t\t\thideThumbsOnMobile:\"off\",\n\t\t\t\t\t\thideBulletsOnMobile:\"off\",\n\t\t\t\t\t\thideArrowsOnMobile:\"off\",\n\t\t\t\t\t\thideThumbsUnderResolution:0,\n\t\t\t\t\t\t\n\t\t\t\t\t\thideSliderAtLimit:0,\n\t\t\t\t\t\thideCaptionAtLimit:0,\n\t\t\t\t\t\thideAllCaptionAtLilmit:0,\n\t\t\t\t\t\tstartWithSlide:0,\n\t\t\t\t\t\tvideoJsPath:\"https:\/\/benjelali.eu\/wp-content\/plugins\/revslider\/rs-plugin\/videojs\/\",\n\t\t\t\t\t\tfullScreenOffsetContainer: \"\"\t\n\t\t\t\t\t});\n\t\t\t\t\n\t\t\t\t});\t\/\/ready\n\t\t\t\t\n\t\t\t<\/script>\n\t\t\t\n\t\t\t<!-- END REVOLUTION SLIDER --><\/p>\n<hr>\n<h4 style=\"text-align: center;\">Benjelali Abogados &amp; Mediadores<\/h4>\n<hr>\n<p>Is a specialized firm not only in family matters, but on Civil Aspects of International Child Abduction, resolving conflicts when children have been removed from one jurisdiction to another or are being held in a country other than their habitual residence country.<\/p>\n<p>There are various international instruments for the return of the child, such as the Convention on Civil Aspects of International Child Abduction, 1980, which applies in some countries which are not members of the European Union or the European Regulation 2201\/2003 concerning jurisdiction, which provides recognition and enforcement of judgments in matrimonial matters and matters of parental responsibility.<\/p>\n<div class=\"row\">\n<div class=\"col-lg-4\">\n<h5 style=\"text-align: center;\">Law Experts<\/h5>\n<hr>\n<p>Benjelali Lawyers &amp; Mediators is a firm founded on the premise of providing our customers with the right support and advice on all issues arising from the National Law, European Union law and international law, with special attention to the various areas of activity in which specializes&#8217;s office.<\/p>\n<p style=\"text-align: center;\"><a class=\"btn btn-default\" style=\"text-align: center;\" href=\"en\/servicios\/\">READ MORE<\/a><\/p>\n<\/div>\n<div class=\"col-lg-4\">\n<h5 style=\"text-align: center;\">A Unique Team<\/h5>\n<hr>\n<p>There are many law firms and many ways to develop work as a lawyer. In Benjelali Lawyers &amp; Mediators, we are mindful that not enough to be an excellent professional if you are lacking in sensitivity and sufficient to satisfy our customers empathy. The importance of the human component is closely linked to our service philosophy.<\/p>\n<p style=\"text-align: center;\"><a class=\"btn btn-default\" style=\"text-align: center;\" href=\"en\/sobre-nosotros\/\">READ MORE<\/a><\/p>\n<\/div>\n<div class=\"col-lg-4\">\n<h5 style=\"text-align: center;\">Our customers speak<\/h5>\n<hr>\n<p>Benjelali Lawyers &amp; Mediators distinguishes between the customer and customer service, since both are different. We offer all our customers interpersonal, friendly and kind attention to any questions they might perform without any compromise.<\/p>\n<p style=\"text-align: center;\"><a class=\"btn btn-default\" style=\"text-align: center;\" href=\"en\/category\/casos-de-exito\/\">READ MORE<\/a><\/p>\n<\/div>\n<\/div>\n<hr>\n<h4 style=\"text-align: center;\">Recent Posts<\/h4>\n<hr>\n<p><div class=\"lptw-container\" id=\"lptw-grid-34357\"><article class=\"grid-layout lptw-grid-element grid-element-no-overlay\" style=\"margin-bottom: 10px; height: 400px; background-color: #ffffff; width: 32.33%; \">\n<header>\n<div class=\"lptw-post-grid-link\"><a href=\"https:\/\/benjelali.eu\/en\/entra-en-vigor-el-nuevo-indice-de-referencia-para-el-alquiler-en-catalunya\/\"><img src=\"https:\/\/benjelali.eu\/wp-content\/uploads\/2021\/01\/alquiler-1-1024x576.jpg\" alt=\"Entra en vigor el nuevo \u00edndice de referencia para el alquiler en Catalunya\" \/><\/a>\n<\/div><div class=\"lptw-post-header\"><a class=\"lptw-post-date date-no-overlay\"  href=\"https:\/\/benjelali.eu\/en\/entra-en-vigor-el-nuevo-indice-de-referencia-para-el-alquiler-en-catalunya\/\" target=\"_self\">15\/01\/2021<\/a><a class=\"lptw-post-title title-no-overlay\"  href=\"https:\/\/benjelali.eu\/en\/entra-en-vigor-el-nuevo-indice-de-referencia-para-el-alquiler-en-catalunya\/\" target=\"_self\">Entra en vigor el nuevo \u00edndice de referencia para el alquiler en Catalunya<\/a>\n<\/div>\n<\/header><section>\n<div class=\"post-excerpt content-no-overlay\" ><div>\u00daltimamente, estamos recibiendo numerosas consultas tanto de propietarios como de inquilinos en relaci\u00f3n al nuevo \u00edndice que limita los precios del alquiler en Catalunya. El pasado 22 de septiembre de 2020 entr\u00f3 envigor la...<\/div>\n<\/div>\n<\/section><\/article>\n<article class=\"grid-layout lptw-grid-element grid-element-no-overlay\" style=\"margin-bottom: 10px; height: 400px; background-color: #ffffff; width: 32.33%; \">\n<header>\n<div class=\"lptw-post-grid-link\"><a href=\"https:\/\/benjelali.eu\/en\/regimen-de-visitas-de-los-abuelos\/\"><img src=\"https:\/\/benjelali.eu\/wp-content\/uploads\/2021\/01\/ABUELOS.jpg\" alt=\"REGIMEN DE VISITAS DE LOS ABUELOS\" \/><\/a>\n<\/div><div class=\"lptw-post-header\"><a class=\"lptw-post-date date-no-overlay\"  href=\"https:\/\/benjelali.eu\/en\/regimen-de-visitas-de-los-abuelos\/\" target=\"_self\">15\/01\/2021<\/a><a class=\"lptw-post-title title-no-overlay\"  href=\"https:\/\/benjelali.eu\/en\/regimen-de-visitas-de-los-abuelos\/\" target=\"_self\">REGIMEN DE VISITAS DE LOS ABUELOS<\/a>\n<\/div>\n<\/header><section>\n<div class=\"post-excerpt content-no-overlay\" ><div>La &nbsp;Exposici\u00f3n de Motivos de la Ley 42\/2013 de 21 de noviembre,&nbsp; modifica el art\u00edculo 160 del C\u00f3digo Civil y establece: \u00abLos abuelos desempe\u00f1an un papel fundamental de cohesi\u00f3n y transmisi\u00f3n de valores en...<\/div>\n<\/div>\n<\/section><\/article>\n<article class=\"grid-layout lptw-grid-element grid-element-no-overlay\" style=\"margin-bottom: 10px; height: 400px; background-color: #ffffff; width: 32.33%; \">\n<header>\n<div class=\"lptw-post-grid-link\"><a href=\"https:\/\/benjelali.eu\/en\/785-2\/\"><img src=\"https:\/\/benjelali.eu\/wp-content\/uploads\/2020\/10\/55447676-el-muchacho-del-adolescente-pidiendo-padre-por-dinero-peque\u00f1o-bolsillo-en-el-hogar-1024x685.jpg\" alt=\"\u00bfQu\u00e9 pasa si pago con retraso la pensi\u00f3n de alimentos?\" \/><\/a>\n<\/div><div class=\"lptw-post-header\"><a class=\"lptw-post-date date-no-overlay\"  href=\"https:\/\/benjelali.eu\/en\/785-2\/\" target=\"_self\">23\/10\/2020<\/a><a class=\"lptw-post-title title-no-overlay\"  href=\"https:\/\/benjelali.eu\/en\/785-2\/\" target=\"_self\">\u00bfQu\u00e9 pasa si pago con retraso la pensi\u00f3n de alimentos?<\/a>\n<\/div>\n<\/header><section>\n<div class=\"post-excerpt content-no-overlay\" ><div>En algunos momentos el progenitor obligado al pago de una pensi\u00f3n de alimentos no puede hacer frente a su pago o s\u00f3lo puede pagar parcialmente la misma por diversos motivos: reducci\u00f3n de ingresos, nuevas...<\/div>\n<\/div>\n<\/section><\/article>\n<\/div><script>\r\n                            jQuery(window).on(\"load\", function() {\r\n                              var $ = jQuery;\r\n                              $(\".overlay\").css(\"display\", \"block\");\r\n                              var $container = $(\"#lptw-grid-34357\");\r\n                              var fluid_images = true;\r\n                              var countedColumnWidth;\r\n\r\n                              \/\/ initialize\r\n                              $container.masonry({\r\n                                  itemSelector: \".lptw-grid-element\",     columnWidth: function(containerWidth) {\r\n                                        if (containerWidth < 641) {\r\n                                            $(\".lptw-grid-element\").css(\"width\", \"100%\");\r\n                                            countedColumnWidth = containerWidth - 1;\r\n                                        } else if (containerWidth > 640) {\r\n                                            $(\".lptw-grid-element\").css(\"width\", \"32.33%\");\r\n                                            $(\".lptw-featured\").css(\"width\", \"65.67%\");\r\n                                            if (fluid_images === true) {\r\n                                        \t    countedColumnWidth = (containerWidth \/ 3) - 1\r\n                                            } else {\r\n                                        \t    countedColumnWidth = 300 - 1\r\n                                            }\r\n                                        }\r\n                                        return countedColumnWidth;\r\n                                  }     });\r\n\r\n                                $(window).resize(function() {\r\n                                \tvar $container = $(\"#grid-container\");\r\n                                \tvar viewport = $(window).width();\r\n                                    var fluid_images = true;\r\n\r\n                                \tif (viewport < 641) {\r\n                                        $(\".lptw-grid-element\").css(\"width\", \"100%\");\r\n                                        $(\".lptw-grid-element\").css(\"height\", \"auto\");\r\n                                \t\t$container.masonry(\"option\", {\r\n                                \t\t\tcolumnWidth: viewport - 1\r\n                                \t\t});\r\n                                \t} else if (viewport > 640) {\r\n                                        var containerWidth = $container.width();\r\n                                        $(\".lptw-grid-element\").css(\"width\", \"32.33%\");\r\n                                        $(\".lptw-featured\").css(\"width\", \"65.67%\");\r\n\r\n                                        if (fluid_images === true) {\r\n                                    \t\t$container.masonry(\"option\", {\r\n                                    \t\t\tcolumnWidth: (containerWidth \/ 3) - 1\r\n                                    \t\t});\r\n                                        } else {\r\n                                            $(\".lptw-featured\").css(\"height\", \"400\");\r\n                                    \t\t$container.masonry(\"option\", {\r\n                                    \t\t\tcolumnWidth: 300 - 1\r\n                                    \t\t});\r\n                                        }\r\n                                    }\r\n                                });\r\n\r\n                            });\r\n\r\n                        <\/script><\/p>","protected":false},"excerpt":{"rendered":"<p>Benjelali Abogados &amp; Mediadores Is a specialized firm not only in family matters, but on Civil Aspects of International Child Abduction, resolving conflicts when children have been removed from one jurisdiction to another or are being held in a country&#8230;<\/p>\n","protected":false},"author":1,"featured_media":0,"parent":0,"menu_order":0,"comment_status":"open","ping_status":"open","template":"my-templates\/template-fullwidth-no-slide.php","meta":[],"_links":{"self":[{"href":"https:\/\/benjelali.eu\/en\/wp-json\/wp\/v2\/pages\/13"}],"collection":[{"href":"https:\/\/benjelali.eu\/en\/wp-json\/wp\/v2\/pages"}],"about":[{"href":"https:\/\/benjelali.eu\/en\/wp-json\/wp\/v2\/types\/page"}],"author":[{"embeddable":true,"href":"https:\/\/benjelali.eu\/en\/wp-json\/wp\/v2\/users\/1"}],"replies":[{"embeddable":true,"href":"https:\/\/benjelali.eu\/en\/wp-json\/wp\/v2\/comments?post=13"}],"version-history":[{"count":62,"href":"https:\/\/benjelali.eu\/en\/wp-json\/wp\/v2\/pages\/13\/revisions"}],"predecessor-version":[{"id":846,"href":"https:\/\/benjelali.eu\/en\/wp-json\/wp\/v2\/pages\/13\/revisions\/846"}],"wp:attachment":[{"href":"https:\/\/benjelali.eu\/en\/wp-json\/wp\/v2\/media?parent=13"}],"curies":[{"name":"wp","href":"https:\/\/api.w.org\/{rel}","templated":true}]}}