{"id":834,"date":"2021-06-25T06:58:59","date_gmt":"2021-06-25T06:58:59","guid":{"rendered":"https:\/\/benjelali.eu\/?page_id=834"},"modified":"2021-06-25T07:03:40","modified_gmt":"2021-06-25T07:03:40","slug":"aviso-legal","status":"publish","type":"page","link":"https:\/\/benjelali.eu\/en\/aviso-legal\/","title":{"rendered":"Aviso Legal"},"content":{"rendered":"\n<p>Denominaci\u00f3n\nsocial: Sara Benjelali Gonzalez<\/p>\n\n\n\n<p>Nombre\ncomercial: Benjelali Abogados &amp; Mediadores<\/p>\n\n\n\n<p>Domicilio\nsocial: c\/Balmes 188, 4\u00ba 1\u00aa, 08006 Barcelona<\/p>\n\n\n\n<p>NIF:\n36516439Y<\/p>\n\n\n\n<p>Tel\u00e9fono:\n93 415 71 59<\/p>\n\n\n\n<p>Fax:\nNO<\/p>\n\n\n\n<p>E-Mail:\ninfo@benjelali.eu<\/p>\n\n\n\n<p>Nombre\nde dominio: https:\/\/benjelali.eu<\/p>\n\n\n\n<p><strong>Objeto<\/strong><\/p>\n\n\n\n<p>El\nprestador, responsable del sitio web, pone a disposici\u00f3n de los usuarios el\npresente documento con el que pretende dar cumplimiento a las obligaciones\ndispuestas en la Ley 34\/2002, de Servicios de la Sociedad de la Informaci\u00f3n y\ndel Comercio Electr\u00f3nico (LSSI -CE) , as\u00ed como informar a todos los usuarios\ndel sitio web respecto a cu\u00e1les son las condiciones de uso del sitio web.<\/p>\n\n\n\n<p>Toda\npersona que acceda a este sitio web asume el papel de usuario, comprometi\u00e9ndose\na la observancia y cumplimiento riguroso de las disposiciones aqu\u00ed dispuestas,\nas\u00ed como cualquier otra disposici\u00f3n legal que fuera de aplicaci\u00f3n.<\/p>\n\n\n\n<p>El\nprestador se reserva el derecho a modificar cualquier tipo de informaci\u00f3n que\npudiera aparecer en el sitio web, sin que exista obligaci\u00f3n de preavisar o\nponer en conocimiento de los usuarios dichas obligaciones, entendi\u00e9ndose como\nsuficiente con la publicaci\u00f3n en el sitio web del prestador.<\/p>\n\n\n\n<p><strong>Responsabilidad<\/strong><\/p>\n\n\n\n<p>El\nprestador se exime de cualquier tipo de responsabilidad derivada de la\ninformaci\u00f3n publicada en su sitio web, siempre que esta informaci\u00f3n haya sido\nmanipulada o introducida por un tercero ajeno al mismo.<\/p>\n\n\n\n<p>El\nsitio web del prestador puede utilizar cookies (peque\u00f1os archivos de\ninformaci\u00f3n que el servidor env\u00eda al ordenador de quien accede a la p\u00e1gina)\npara llevar a cabo determinadas funciones que son consideradas imprescindibles\npara el correcto funcionamiento y visualizaci\u00f3n del sitio. Las cookies\nutilizadas en el sitio web tienen, en todo caso, car\u00e1cter temporal con la \u00fanica\nfinalidad de hacer m\u00e1s eficaz su transmisi\u00f3n ulterior y desaparecen al terminar\nla sesi\u00f3n del usuario. En ning\u00fan caso se utilizar\u00e1n las cookies para recoger\ninformaci\u00f3n de car\u00e1cter personal.<\/p>\n\n\n\n<p>Desde\nel sitio web del cliente es posible que se redirija a contenidos de terceros\nsitios web. Dado que el prestador no puede controlar siempre los contenidos\nintroducidos por los terceros en sus sitios web, \u00e9ste no asume ning\u00fan tipo de\nresponsabilidad respecto a dichos contenidos. En todo caso, el prestador\nmanifiesta que proceder\u00e1 a la retirada inmediata de cualquier contenido que\npudiera contravenir la legislaci\u00f3n nacional o internacional, la moral o el\norden p\u00fablico, procediendo a la retirada inmediata de la redirecci\u00f3n a dicho\nsitio web, poniendo en conocimiento de las autoridades competentes el contenido\nen cuesti\u00f3n.<\/p>\n\n\n\n<p>El\nprestador no se hace responsable de la informaci\u00f3n y contenidos almacenados, a\nt\u00edtulo enunciativo pero no limitativo, en foros, chat &#8216;s, generadores de blogs,\ncomentarios, redes sociales o cualquier otro medio que permita a terceros\npublicar contenidos de forma independiente en la p\u00e1gina web del prestador. No\nobstante y en cumplimiento de lo dispuesto en el art. 11 y 16 de la LSSI &#8211; CE,\nel prestador se pone a disposici\u00f3n de todos los usuarios, autoridades y fuerzas\nde seguridad, y colaborando de forma activa en la retirada o en su caso bloqueo\nde todos aquellos contenidos que puedan afectar o contravenir la legislaci\u00f3n\nnacional, o internacional, derechos de terceros o la moral y el orden p\u00fablico.\nEn caso de que el usuario considere que existe en el sitio web alg\u00fan contenido\nque pudiera ser susceptible de esta clasificaci\u00f3n, se ruega lo notifique de\nforma inmediata al administrador del sitio web.<\/p>\n\n\n\n<p>Este\nsitio web ha sido revisado y probado para que funcione correctamente. En\nprincipio, puede garantizarse el correcto funcionamiento los 365 d\u00edas del a\u00f1o,\n24 horas al d\u00eda. Sin embargo, el prestador no descarta la posibilidad de que\nexistan ciertos errores de programaci\u00f3n, o que acontezcan causas de fuerza\nmayor, cat\u00e1strofes naturales, huelgas, o circunstancias semejantes que hagan imposible\nel acceso a la p\u00e1gina web.<\/p>\n\n\n\n<p><strong>Protecci\u00f3n de Datos\nPersonales<\/strong><\/p>\n\n\n\n<p>El\nprestador se encuentra profundamente comprometido con el cumplimiento de la\nnormativa espa\u00f1ola de protecci\u00f3n de datos de car\u00e1cter personal, y garantiza el\ncumplimiento \u00edntegro de las obligaciones dispuestas, as\u00ed como la implementaci\u00f3n\nde las medidas de seguridad dispuestas en el art. 9 de la Ley 15\/1999, de\nProtecci\u00f3n de Datos de Car\u00e1cter Personal (LOPD) y en el Reglamento de\nDesarrollo de la LOPD.<\/p>\n\n\n\n<p>El\nprestador pone a disposici\u00f3n de los usuarios la Pol\u00edtica de Privacidad de la\nentidad informando a los usuarios respecto a los siguientes aspectos:<\/p>\n\n\n\n<p>\u2022\nDatos del responsable del tratamiento.<\/p>\n\n\n\n<p>\u2022\nDatos tratados.<\/p>\n\n\n\n<p>\u2022\nArchivo en el que se almacenan.<\/p>\n\n\n\n<p>\u2022\nFinalidad del tratamiento.<\/p>\n\n\n\n<p>\u2022\nObligatoriedad o no de facilitar, as\u00ed como las consecuencias en caso de no\nfacilitarles.<\/p>\n\n\n\n<p>\u2022\nSobre los derechos que asisten a todo usuario y el procedimiento para\nejercitarlos.<\/p>\n\n\n\n<p><strong>Propiedad Intelectual e\nIndustrial<\/strong><\/p>\n\n\n\n<p>El\nsitio web, incluyendo a t\u00edtulo enunciativo pero no limitativo su programaci\u00f3n,\nedici\u00f3n, compilaci\u00f3n y dem\u00e1s elementos necesarios para su funcionamiento, los\ndise\u00f1os, logotipos, texto y \/ o gr\u00e1ficos son propiedad del prestador o en su\ncaso dispone de licencia o autorizaci\u00f3n expresa por parte de los autores. Todos\nlos contenidos del sitio web se encuentran debidamente protegidos por la\nnormativa de propiedad intelectual e industrial, as\u00ed como inscritos en los\nregistros p\u00fablicos correspondientes.<\/p>\n\n\n\n<p>Independientemente\nde la finalidad para la que fueran destinados, la reproducci\u00f3n total o parcial,\nuso, explotaci\u00f3n, distribuci\u00f3n y comercializaci\u00f3n, requiere en todo caso de la\nautorizaci\u00f3n escrita previa por parte del prestador. Cualquier uso no\nautorizado previamente por parte del prestador ser\u00e1 considerado un\nincumplimiento grave de los derechos de propiedad intelectual o industrial del\nautor.<\/p>\n\n\n\n<p>Los\ndise\u00f1os, logotipos, texto y \/ o gr\u00e1ficos ajenos al prestador y que pudieran\naparecer en el sitio web, pertenecen a sus respectivos propietarios, siendo\nellos mismos responsables de cualquier posible controversia que pudiera\nsuscitarse respecto a los mismos. En todo caso, el prestador cuenta con la\nautorizaci\u00f3n expresa y previa por parte de los mismos.<\/p>\n\n\n\n<p>El\nprestador reconoce a favor de sus titulares los correspondientes derechos de\npropiedad industrial e intelectual, no implicando su sola menci\u00f3n o aparici\u00f3n\nen el sitio web la existencia de derechos o responsabilidad del prestador sobre\nlos mismos, como tampoco respaldo, patrocinio o recomendaci\u00f3n por parte del\nmismo.<\/p>\n\n\n\n<p>Para\nrealizar cualquier tipo de observaci\u00f3n respecto a posibles incumplimientos de\nlos derechos de propiedad intelectual o industrial, as\u00ed como sobre cualquiera\nde los contenidos del sitio web, puede hacerlo a trav\u00e9s del siguiente correo\nelectr\u00f3nico: info@benjelali.eu<\/p>\n\n\n\n<p><strong>Ley Aplicable y Jurisdicci\u00f3n<\/strong><\/p>\n\n\n\n<p>Para\nla resoluci\u00f3n de todas las controversias o cuestiones relacionadas con el\npresente sitio web o de las actividades en \u00e9l desarrolladas, ser\u00e1 de aplicaci\u00f3n\nla legislaci\u00f3n espa\u00f1ola, a la que se someten expresamente las partes, siendo competentes\npara la resoluci\u00f3n de todos los conflictos derivados o relacionados con su uso\nlos Juzgados y Tribunales correspondientes.<\/p>\n","protected":false},"excerpt":{"rendered":"<p>Denominaci\u00f3n social: Sara Benjelali Gonzalez Nombre comercial: Benjelali Abogados &amp; Mediadores Domicilio social: c\/Balmes 188, 4\u00ba 1\u00aa, 08006 Barcelona NIF: 36516439Y Tel\u00e9fono: 93 415 71 59 Fax: NO E-Mail: info@benjelali.eu Nombre de dominio: https:\/\/benjelali.eu Objeto El prestador, responsable del sitio&#8230;<\/p>\n","protected":false},"author":2,"featured_media":144,"parent":0,"menu_order":0,"comment_status":"closed","ping_status":"closed","template":"","meta":[],"_links":{"self":[{"href":"https:\/\/benjelali.eu\/en\/wp-json\/wp\/v2\/pages\/834"}],"collection":[{"href":"https:\/\/benjelali.eu\/en\/wp-json\/wp\/v2\/pages"}],"about":[{"href":"https:\/\/benjelali.eu\/en\/wp-json\/wp\/v2\/types\/page"}],"author":[{"embeddable":true,"href":"https:\/\/benjelali.eu\/en\/wp-json\/wp\/v2\/users\/2"}],"replies":[{"embeddable":true,"href":"https:\/\/benjelali.eu\/en\/wp-json\/wp\/v2\/comments?post=834"}],"version-history":[{"count":1,"href":"https:\/\/benjelali.eu\/en\/wp-json\/wp\/v2\/pages\/834\/revisions"}],"predecessor-version":[{"id":835,"href":"https:\/\/benjelali.eu\/en\/wp-json\/wp\/v2\/pages\/834\/revisions\/835"}],"wp:featuredmedia":[{"embeddable":true,"href":"https:\/\/benjelali.eu\/en\/wp-json\/wp\/v2\/media\/144"}],"wp:attachment":[{"href":"https:\/\/benjelali.eu\/en\/wp-json\/wp\/v2\/media?parent=834"}],"curies":[{"name":"wp","href":"https:\/\/api.w.org\/{rel}","templated":true}]}}