{"id":836,"date":"2021-06-25T07:12:40","date_gmt":"2021-06-25T07:12:40","guid":{"rendered":"https:\/\/benjelali.eu\/?page_id=836"},"modified":"2021-06-25T07:12:41","modified_gmt":"2021-06-25T07:12:41","slug":"politica-de-privacidad","status":"publish","type":"page","link":"https:\/\/benjelali.eu\/en\/politica-de-privacidad\/","title":{"rendered":"Pol\u00edtica de privacidad"},"content":{"rendered":"\n<p>Denominaci\u00f3n\nsocial: Sara Benjelali Gonzalez<\/p>\n\n\n\n<p>Nombre\ncomercial: Benjelali Abogados &amp; Mediadores<\/p>\n\n\n\n<p>Domicilio\nsocial: c\/Balmes 188, 4\u00ba 1\u00aa, 08006 Barcelona<\/p>\n\n\n\n<p>NIF:\n36516439Y<\/p>\n\n\n\n<p>Tel\u00e9fono:\n93 415 71 59<\/p>\n\n\n\n<p>Fax:\nNO<\/p>\n\n\n\n<p>E-Mail:\ninfo@benjelali.eu<\/p>\n\n\n\n<p>Nombre\nde dominio: https:\/\/benjelali.eu<\/p>\n\n\n\n<p>De\nconformidad con lo dispuesto en la Ley Org\u00e1nica 15\/1999, de Protecci\u00f3n de Datos\nde Car\u00e1cter Personal (LOPD) y la normativa de desarrollo, el responsable del\nsitio web, en cumplimiento de lo dispuesto en el art. 5 y 6 de la LOPD, informa\na todos los usuarios del sitio web que faciliten o vayan a facilitar sus datos personales,\nque estos ser\u00e1n incorporados en un fichero automatizado que se encuentra\ndebidamente inscrito en la Agencia Espa\u00f1ola de Protecci\u00f3n de Datos con fecha de\nregistro del a\u00f1o 2021.<\/p>\n\n\n\n<p>Los\nusuarios, mediante la marcaci\u00f3n de la casilla, aceptan expresamente y de forma\nlibre e inequ\u00edvoca que sus datos personales sean tratados por parte del\nprestador para realizar las siguientes finalidades:<\/p>\n\n\n\n<p>\u2022\nRemisi\u00f3n de comunicaciones comerciales publicitarias por correo electr\u00f3nico,\nfax, SMS, MMS, comunidades sociales o cualesquiera otro medio electr\u00f3nico o\nf\u00edsico, presente o futuro, que posibilite realizar comunicaci\u00f3n comerciales.\nDichas comunicaciones comerciales ser\u00e1n relacionadas sobre productos o\nservicios ofrecidos por el prestador, as\u00ed como por parte de los colaboradores o\npartners con los que \u00e9ste hubiera alcanzado alg\u00fan acuerdo de promoci\u00f3n\ncomercial entre sus clientes. En este caso, los terceros nunca tendr\u00e1n acceso a\nlos datos personales. En todo caso las comunicaciones comerciales ser\u00e1n\nrealizadas por parte del prestador y ser\u00e1n de productos y servicios\nrelacionados con el sector del prestador.<\/p>\n\n\n\n<p>\u2022\nRealizar estudios estad\u00edsticos.<\/p>\n\n\n\n<p>\u2022\nTramitar encargos, solicitudes o cualquier tipo de petici\u00f3n que sea realizada\npor el usuario a trav\u00e9s de cualquiera de las formas de contacto que se ponen a\ndisposici\u00f3n del usuario en el sitio web de la compa\u00f1\u00eda.<\/p>\n\n\n\n<p>\u2022\nRemitir el bolet\u00edn de noticias de la p\u00e1gina web.<\/p>\n\n\n\n<p>El\nprestador informa y garantiza expresamente a los usuarios que sus datos\npersonales no ser\u00e1n cedidos en ning\u00fan caso a terceras compa\u00f1\u00edas, y que siempre\nque fuera a realizar alg\u00fan tipo de cesi\u00f3n de datos personales, de forma previa,\nse solicitar\u00eda el consentimiento expreso, informado, e inequ\u00edvoco por parte de\nlos titulares.<\/p>\n\n\n\n<p>Todos\nlos datos solicitados a trav\u00e9s del sitio web son obligatorios, ya que son\nnecesarios para la prestaci\u00f3n de un servicio \u00f3ptimo al usuario. En caso de que\nno sean facilitados todos los datos, el prestador no garantiza que la\ninformaci\u00f3n y servicios facilitados sean completamente ajustados a sus necesidades.<\/p>\n\n\n\n<p>El\nprestador garantiza en todo caso al usuario el ejercicio de los derechos de\nacceso, rectificaci\u00f3n, cancelaci\u00f3n, informaci\u00f3n y oposici\u00f3n, en los t\u00e9rminos\nque dispone la legislaci\u00f3n vigente. Por ello, de conformidad con lo dispuesto\nen la Ley Org\u00e1nica 15\/1999, de Protecci\u00f3n de Datos de Car\u00e1cter Personal (LOPD)\npodr\u00e1 ejercer sus derechos enviando una solicitud expresa, junto con una copia\nde su DNI, a trav\u00e9s de los siguientes medios:<\/p>\n\n\n\n<p>\u2022\nE &#8211; Mail: info@benjelali.eu<\/p>\n\n\n\n<p>\u2022\nFax: NO<\/p>\n\n\n\n<p>\u2022\nCorreo postal: c\/Balmes 188, 4\u00ba 1\u00aa, 08006 Barcelona<\/p>\n\n\n\n<p>Del\nmismo modo, el usuario podr\u00e1 darse de baja de cualquiera de los servicios de\nsuscripci\u00f3n facilitados haciendo clic en el apartado darse de baja de todos los\ncorreos electr\u00f3nicos remitidos por parte del prestador.<\/p>\n\n\n\n<p>Del\nmismo modo, el prestador ha adoptado todas las medidas t\u00e9cnicas y de\norganizaci\u00f3n necesarias para garantizar la seguridad e integridad de los datos\nde car\u00e1cter personal que trate, as\u00ed como para evitar su p\u00e9rdida, alteraci\u00f3n y \/\no acceso por parte de terceros no autorizados.<\/p>\n\n\n\n<p><strong>Direcci\u00f3n IP<\/strong><\/p>\n\n\n\n<p>Los\nservidores del sitio web podr\u00e1n detectar de manera autom\u00e1tica la direcci\u00f3n IP y\nel nombre de dominio utilizados por el usuario. Una direcci\u00f3n IP es un n\u00famero\nasignado autom\u00e1ticamente a un ordenador cuando \u00e9sta se conecta a Internet. Toda\nesta informaci\u00f3n es registrada en un fichero de actividad del servidor\ndebidamente inscrito que permite el posterior procesamiento de los datos con el\nfin de obtener mediciones \u00fanicamente estad\u00edsticas que permitan conocer el\nn\u00famero de impresiones de p\u00e1ginas, el n\u00famero de visitas realizadas a los\nservicios web, el orden de visitas, el punto de acceso, etc.<\/p>\n\n\n\n<p><strong>Seguridad<\/strong><\/p>\n\n\n\n<p>El\nsitio web utiliza t\u00e9cnicas de seguridad de la informaci\u00f3n generalmente\naceptadas en la industria, tales como firewalls, procedimientos de control de\nacceso y mecanismos criptogr\u00e1ficos, todo ello con el objeto de evitar el acceso\nno autorizado a los datos. Para lograr estos fines, el usuario \/ cliente acepta\nque el prestador obtenga datos para efectos de la correspondiente autenticaci\u00f3n\nde los controles de acceso.<\/p>\n\n\n\n<p>Todo\nproceso de contrataci\u00f3n o que conlleve la introducci\u00f3n de datos personales de\ncar\u00e1cter alto (salud, ideolog\u00eda, &#8230;) ser\u00e1n siempre transmitidos mediante\nprotocolo de comunicaci\u00f3n segura (https: \/\/ &#8230;), de tal forma que ning\u00fan\ntercero tenga acceso a la informaci\u00f3n transmitida v\u00eda electr\u00f3nica.<\/p>\n\n\n\n<p><strong>Google Analytics<\/strong><\/p>\n\n\n\n<p>Esta\np\u00e1gina web utiliza Google Analytics, un servicio anal\u00edtico de web prestado por\nGoogle, Inc., una compa\u00f1\u00eda de Delaware cuya oficina principal est\u00e1 en 1600\nAmphitheatre Parkway, Mountain View (California), CA 94043, Estados Unidos (\n&#8220;Google&#8221;). Google Analytics utiliza &#8220;cookies&#8221;, que son\narchivos de texto ubicados en su ordenador, para ayudar al website a analizar\nel uso que hacen los usuarios del sitio web. La informaci\u00f3n que genera la\ncookie acerca de su uso del website (incluyendo su direcci\u00f3n IP) ser\u00e1\ndirectamente transmitida y archivada por Google en los servidores de Estados\nUnidos. Google usar\u00e1 esta informaci\u00f3n por cuenta nuestra con el prop\u00f3sito de\nseguir la pista de su uso del website, recopilando informes de la actividad del\nwebsite y prestando otros servicios relacionados con la actividad del website y\nel uso de Internet. Google podr\u00e1 transmitir dicha informaci\u00f3n a terceros cuando\nas\u00ed lo requiera la legislaci\u00f3n, o cuando dichos terceros procesen la\ninformaci\u00f3n por cuenta de Google. Google no asociar\u00e1 su direcci\u00f3n IP con ning\u00fan\notro dato del que disponga Google. Usted puede rechazar el tratamiento de los\ndatos o la informaci\u00f3n rechazando el uso de cookies mediante la selecci\u00f3n de la\nconfiguraci\u00f3n apropiada de su navegador, sin embargo, debe saber que si lo hace\npuede ser que no pueda usar la plena funcionalidad de este website . Al\nutilizar este website Usted consiente el tratamiento de informaci\u00f3n acerca de\nUsted por Google en la forma y para los fines arriba indicados.<\/p>\n","protected":false},"excerpt":{"rendered":"<p>Denominaci\u00f3n social: Sara Benjelali Gonzalez Nombre comercial: Benjelali Abogados &amp; Mediadores Domicilio social: c\/Balmes 188, 4\u00ba 1\u00aa, 08006 Barcelona NIF: 36516439Y Tel\u00e9fono: 93 415 71 59 Fax: NO E-Mail: info@benjelali.eu Nombre de dominio: https:\/\/benjelali.eu De conformidad con lo dispuesto en&#8230;<\/p>\n","protected":false},"author":2,"featured_media":0,"parent":0,"menu_order":0,"comment_status":"closed","ping_status":"closed","template":"","meta":[],"_links":{"self":[{"href":"https:\/\/benjelali.eu\/en\/wp-json\/wp\/v2\/pages\/836"}],"collection":[{"href":"https:\/\/benjelali.eu\/en\/wp-json\/wp\/v2\/pages"}],"about":[{"href":"https:\/\/benjelali.eu\/en\/wp-json\/wp\/v2\/types\/page"}],"author":[{"embeddable":true,"href":"https:\/\/benjelali.eu\/en\/wp-json\/wp\/v2\/users\/2"}],"replies":[{"embeddable":true,"href":"https:\/\/benjelali.eu\/en\/wp-json\/wp\/v2\/comments?post=836"}],"version-history":[{"count":1,"href":"https:\/\/benjelali.eu\/en\/wp-json\/wp\/v2\/pages\/836\/revisions"}],"predecessor-version":[{"id":837,"href":"https:\/\/benjelali.eu\/en\/wp-json\/wp\/v2\/pages\/836\/revisions\/837"}],"wp:attachment":[{"href":"https:\/\/benjelali.eu\/en\/wp-json\/wp\/v2\/media?parent=836"}],"curies":[{"name":"wp","href":"https:\/\/api.w.org\/{rel}","templated":true}]}}