{"id":838,"date":"2021-06-25T07:15:11","date_gmt":"2021-06-25T07:15:11","guid":{"rendered":"https:\/\/benjelali.eu\/?page_id=838"},"modified":"2021-06-25T07:15:12","modified_gmt":"2021-06-25T07:15:12","slug":"politica-de-cookies","status":"publish","type":"page","link":"https:\/\/benjelali.eu\/en\/politica-de-cookies\/","title":{"rendered":"Pol\u00edtica de cookies"},"content":{"rendered":"\n<p>El\nprestador por su propia cuenta o la de un tercero contratado para la prestaci\u00f3n\nde servicios de medici\u00f3n, pueden utilizar cookies cuando un usuario navega por\nel sitio web. Las cookies son ficheros enviados al navegador por medio de un\nservidor web con la finalidad de registrar las actividades del usuario durante\nsu tiempo de navegaci\u00f3n.<\/p>\n\n\n\n<p>Las\ncookies utilizadas por el sitio web se asocian \u00fanicamente con un usuario\nan\u00f3nimo y su ordenador, y no proporcionan por s\u00ed mismas los datos personales\ndel usuario.<\/p>\n\n\n\n<p>Mediante\nel uso de las cookies es posible que el servidor donde se encuentra la web,\nreconozca el navegador web utilizado por el usuario con la finalidad de que la\nnavegaci\u00f3n sea m\u00e1s sencilla, permitiendo, por ejemplo, el acceso a los usuarios\nque se hayan registrado previamente, acceder a las \u00e1reas, servicios,\npromociones o concursos reservados exclusivamente a ellos sin tener que\nregistrarse en cada visita. Se utilizan tambi\u00e9n para medir la audiencia y\npar\u00e1metros del tr\u00e1fico, controlar el progreso y n\u00famero de entradas.<\/p>\n\n\n\n<p>El\nusuario tiene la posibilidad de configurar su navegador para ser avisado de la\nrecepci\u00f3n de cookies y para impedir su instalaci\u00f3n en su equipo. Por favor,\nconsulte las instrucciones y manuales de su navegador para ampliar esta\ninformaci\u00f3n.<\/p>\n\n\n\n<p>Para\nutilizar el sitio web, no resulta necesario que el usuario permita la\ninstalaci\u00f3n de las cookies enviadas por el sitio web, o el tercero que act\u00fae en\nsu nombre, sin perjuicio de que sea necesario que el usuario inicie una sesi\u00f3n\ncomo tal en cada uno de los servicios cuya prestaci\u00f3n requiera el previo\nregistro o &#8220;login&#8221;.<\/p>\n\n\n\n<p>Las\ncookies utilizadas en este sitio web tienen, en todo caso, car\u00e1cter temporal\ncon la \u00fanica finalidad de hacer m\u00e1s eficaz su transmisi\u00f3n ulterior. En ning\u00fan\ncaso se utilizar\u00e1n las cookies para recoger informaci\u00f3n de car\u00e1cter personal.<\/p>\n\n\n\n<p><strong>Tipo de cookies<\/strong><\/p>\n\n\n\n<p>En\nfunci\u00f3n de su naturaleza, las galletas se pueden clasificar como:<\/p>\n\n\n\n<p>&#8220;Cookies\nde sesi\u00f3n&#8221; o &#8220;cookies persistentes&#8221;: las &#8220;cookies de\nsesi\u00f3n&#8221; son eliminadas al cerrar el navegador, en cambio las &#8220;cookies\npersistentes&#8221; permanecen en el equipo inform\u00e1tico.<\/p>\n\n\n\n<p>&#8220;Cookies\npropias&#8221; o &#8220;cookies de terceros&#8221;: las primeras pertenecen al\nmismo titular de la web, las segundas a un tercero.<\/p>\n","protected":false},"excerpt":{"rendered":"<p>El prestador por su propia cuenta o la de un tercero contratado para la prestaci\u00f3n de servicios de medici\u00f3n, pueden utilizar cookies cuando un usuario navega por el sitio web. Las cookies son ficheros enviados al navegador por medio de&#8230;<\/p>\n","protected":false},"author":2,"featured_media":0,"parent":0,"menu_order":0,"comment_status":"closed","ping_status":"closed","template":"","meta":[],"_links":{"self":[{"href":"https:\/\/benjelali.eu\/en\/wp-json\/wp\/v2\/pages\/838"}],"collection":[{"href":"https:\/\/benjelali.eu\/en\/wp-json\/wp\/v2\/pages"}],"about":[{"href":"https:\/\/benjelali.eu\/en\/wp-json\/wp\/v2\/types\/page"}],"author":[{"embeddable":true,"href":"https:\/\/benjelali.eu\/en\/wp-json\/wp\/v2\/users\/2"}],"replies":[{"embeddable":true,"href":"https:\/\/benjelali.eu\/en\/wp-json\/wp\/v2\/comments?post=838"}],"version-history":[{"count":1,"href":"https:\/\/benjelali.eu\/en\/wp-json\/wp\/v2\/pages\/838\/revisions"}],"predecessor-version":[{"id":839,"href":"https:\/\/benjelali.eu\/en\/wp-json\/wp\/v2\/pages\/838\/revisions\/839"}],"wp:attachment":[{"href":"https:\/\/benjelali.eu\/en\/wp-json\/wp\/v2\/media?parent=838"}],"curies":[{"name":"wp","href":"https:\/\/api.w.org\/{rel}","templated":true}]}}